{"id":2,"date":"2025-10-17T14:30:36","date_gmt":"2025-10-17T14:30:36","guid":{"rendered":"https:\/\/cafeteriasanlorenzo.rkinformatika.online\/?page_id=2"},"modified":"2026-02-25T15:41:27","modified_gmt":"2026-02-25T15:41:27","slug":"inicio","status":"publish","type":"page","link":"https:\/\/cafeteriasanlorenzo.com\/en\/","title":{"rendered":"Home"},"content":{"rendered":"\t\t<div data-elementor-type=\"wp-page\" data-elementor-id=\"2\" class=\"elementor elementor-2\" data-elementor-post-type=\"page\">\n\t\t\t\t\t\t<section class=\"elementor-section elementor-top-section elementor-element elementor-element-966a5dc elementor-section-boxed elementor-section-height-default elementor-section-height-default\" data-id=\"966a5dc\" data-element_type=\"section\" data-e-type=\"section\" data-settings=\"{&quot;background_background&quot;:&quot;slideshow&quot;,&quot;background_slideshow_gallery&quot;:[{&quot;id&quot;:265,&quot;url&quot;:&quot;https:\\\/\\\/cafeteriasanlorenzo.com\\\/wp-content\\\/uploads\\\/2025\\\/10\\\/14431.jpg&quot;},{&quot;id&quot;:263,&quot;url&quot;:&quot;https:\\\/\\\/cafeteriasanlorenzo.com\\\/wp-content\\\/uploads\\\/2025\\\/10\\\/2148463986.jpg&quot;},{&quot;id&quot;:270,&quot;url&quot;:&quot;https:\\\/\\\/cafeteriasanlorenzo.com\\\/wp-content\\\/uploads\\\/2025\\\/10\\\/2534513.jpg&quot;}],&quot;background_slideshow_ken_burns&quot;:&quot;yes&quot;,&quot;background_slideshow_loop&quot;:&quot;yes&quot;,&quot;background_slideshow_slide_duration&quot;:5000,&quot;background_slideshow_slide_transition&quot;:&quot;fade&quot;,&quot;background_slideshow_transition_duration&quot;:500,&quot;background_slideshow_ken_burns_zoom_direction&quot;:&quot;in&quot;}\">\n\t\t\t\t\t\t\t<div class=\"elementor-background-overlay\"><\/div>\n\t\t\t\t\t\t\t<div class=\"elementor-container elementor-column-gap-default\">\n\t\t\t\t\t<div class=\"elementor-column elementor-col-100 elementor-top-column elementor-element elementor-element-465dceb\" data-id=\"465dceb\" data-element_type=\"column\" data-e-type=\"column\">\n\t\t\t<div class=\"elementor-widget-wrap elementor-element-populated\">\n\t\t\t\t\t\t<div class=\"elementor-element elementor-element-2aaab55 elementor-headline--style-highlight elementor-widget elementor-widget-animated-headline\" data-id=\"2aaab55\" data-element_type=\"widget\" data-e-type=\"widget\" data-settings=\"{&quot;highlighted_text&quot;:&quot;Panader\\u00eda, almac\\u00e9n y cafeter\\u00eda&quot;,&quot;headline_style&quot;:&quot;highlight&quot;,&quot;marker&quot;:&quot;circle&quot;,&quot;loop&quot;:&quot;yes&quot;,&quot;highlight_animation_duration&quot;:1200,&quot;highlight_iteration_delay&quot;:8000}\" data-widget_type=\"animated-headline.default\">\n\t\t\t\t\t\t\t<h3 class=\"elementor-headline\">\n\t\t\t\t<span class=\"elementor-headline-dynamic-wrapper elementor-headline-text-wrapper\">\n\t\t\t\t\t<span class=\"elementor-headline-dynamic-text elementor-headline-text-active\">Panader\u00eda, almac\u00e9n y cafeter\u00eda<\/span>\n\t\t\t\t<\/span>\n\t\t\t\t<\/h3>\n\t\t\t\t\t\t<\/div>\n\t\t\t\t<div class=\"elementor-element elementor-element-7e41ec2 elementor-widget elementor-widget-button\" data-id=\"7e41ec2\" data-element_type=\"widget\" data-e-type=\"widget\" data-widget_type=\"button.default\">\n\t\t\t\t\t\t\t\t\t\t<a class=\"elementor-button elementor-button-link elementor-size-sm elementor-animation-float\" href=\"\/servicios\">\n\t\t\t\t\t\t<span class=\"elementor-button-content-wrapper\">\n\t\t\t\t\t\t\t\t\t<span class=\"elementor-button-text\">Servicios<\/span>\n\t\t\t\t\t<\/span>\n\t\t\t\t\t<\/a>\n\t\t\t\t\t\t\t\t<\/div>\n\t\t\t\t\t<\/div>\n\t\t<\/div>\n\t\t\t\t\t<\/div>\n\t\t<\/section>\n\t\t\t\t<section class=\"elementor-section elementor-top-section elementor-element elementor-element-8a8f473 elementor-section-boxed elementor-section-height-default elementor-section-height-default elementor-invisible\" data-id=\"8a8f473\" data-element_type=\"section\" data-e-type=\"section\" data-settings=\"{&quot;animation&quot;:&quot;fadeInRight&quot;}\">\n\t\t\t\t\t\t<div class=\"elementor-container elementor-column-gap-default\">\n\t\t\t\t\t<div class=\"elementor-column elementor-col-50 elementor-top-column elementor-element elementor-element-4f00793\" data-id=\"4f00793\" data-element_type=\"column\" data-e-type=\"column\">\n\t\t\t<div class=\"elementor-widget-wrap elementor-element-populated\">\n\t\t\t\t\t\t<div class=\"elementor-element elementor-element-831ab92 elementor-widget elementor-widget-image-carousel\" data-id=\"831ab92\" data-element_type=\"widget\" data-e-type=\"widget\" data-settings=\"{&quot;slides_to_show&quot;:&quot;1&quot;,&quot;navigation&quot;:&quot;none&quot;,&quot;autoplay&quot;:&quot;yes&quot;,&quot;pause_on_hover&quot;:&quot;yes&quot;,&quot;pause_on_interaction&quot;:&quot;yes&quot;,&quot;autoplay_speed&quot;:5000,&quot;infinite&quot;:&quot;yes&quot;,&quot;effect&quot;:&quot;slide&quot;,&quot;speed&quot;:500}\" data-widget_type=\"image-carousel.default\">\n\t\t\t\t\t\t\t<div class=\"elementor-image-carousel-wrapper swiper\" role=\"region\" aria-roledescription=\"carousel\" aria-label=\"Carrusel de im\u00e1genes\" dir=\"ltr\">\n\t\t\t<div class=\"elementor-image-carousel swiper-wrapper\" aria-live=\"off\">\n\t\t\t\t\t\t\t\t<div class=\"swiper-slide\" role=\"group\" aria-roledescription=\"slide\" aria-label=\"1 de 2\"><figure class=\"swiper-slide-inner\"><img decoding=\"async\" class=\"swiper-slide-image\" src=\"https:\/\/cafeteriasanlorenzo.com\/wp-content\/uploads\/2025\/10\/2023-02-10-2.jpg\" alt=\"2023-02-10 (2)\" \/><\/figure><\/div><div class=\"swiper-slide\" role=\"group\" aria-roledescription=\"slide\" aria-label=\"2 de 2\"><figure class=\"swiper-slide-inner\"><img decoding=\"async\" class=\"swiper-slide-image\" src=\"https:\/\/cafeteriasanlorenzo.com\/wp-content\/uploads\/2025\/10\/2148432329.jpg\" alt=\"2148432329\" \/><\/figure><\/div>\t\t\t<\/div>\n\t\t\t\t\t\t\t\n\t\t\t\t\t\t\t\t\t<\/div>\n\t\t\t\t\t\t<\/div>\n\t\t\t\t\t<\/div>\n\t\t<\/div>\n\t\t\t\t<div class=\"elementor-column elementor-col-50 elementor-top-column elementor-element elementor-element-c649d0e\" data-id=\"c649d0e\" data-element_type=\"column\" data-e-type=\"column\">\n\t\t\t<div class=\"elementor-widget-wrap elementor-element-populated\">\n\t\t\t\t\t\t<div class=\"elementor-element elementor-element-48e30ce elementor-widget elementor-widget-spacer\" data-id=\"48e30ce\" data-element_type=\"widget\" data-e-type=\"widget\" data-widget_type=\"spacer.default\">\n\t\t\t\t\t\t\t<div class=\"elementor-spacer\">\n\t\t\t<div class=\"elementor-spacer-inner\"><\/div>\n\t\t<\/div>\n\t\t\t\t\t\t<\/div>\n\t\t\t\t<div class=\"elementor-element elementor-element-4d85198 elementor-invisible elementor-widget elementor-widget-heading\" data-id=\"4d85198\" data-element_type=\"widget\" data-e-type=\"widget\" data-settings=\"{&quot;_animation&quot;:&quot;fadeIn&quot;,&quot;_animation_delay&quot;:50}\" data-widget_type=\"heading.default\">\n\t\t\t\t\t<h2 class=\"elementor-heading-title elementor-size-default\">bienvenidos<\/h2>\t\t\t\t<\/div>\n\t\t\t\t<div class=\"elementor-element elementor-element-c317d38 elementor-invisible elementor-widget elementor-widget-heading\" data-id=\"c317d38\" data-element_type=\"widget\" data-e-type=\"widget\" data-settings=\"{&quot;_animation&quot;:&quot;fadeIn&quot;,&quot;_animation_delay&quot;:100}\" data-widget_type=\"heading.default\">\n\t\t\t\t\t<h2 class=\"elementor-heading-title elementor-size-default\">\u00a1Ahora rel\u00e1jate y degusta  un buen desayuno!<\/h2>\t\t\t\t<\/div>\n\t\t\t\t\t<\/div>\n\t\t<\/div>\n\t\t\t\t\t<\/div>\n\t\t<\/section>\n\t\t<div class=\"elementor-element elementor-element-cbb16f5 e-flex e-con-boxed e-con e-parent\" data-id=\"cbb16f5\" data-element_type=\"container\" data-e-type=\"container\" data-settings=\"{&quot;background_background&quot;:&quot;classic&quot;}\">\n\t\t\t\t\t<div class=\"e-con-inner\">\n\t\t\t\t<div class=\"elementor-element elementor-element-e64faea elementor-invisible elementor-widget elementor-widget-heading\" data-id=\"e64faea\" data-element_type=\"widget\" data-e-type=\"widget\" data-settings=\"{&quot;_animation&quot;:&quot;fadeInRight&quot;,&quot;_animation_delay&quot;:100}\" data-widget_type=\"heading.default\">\n\t\t\t\t\t<h2 class=\"elementor-heading-title elementor-size-default\">\u00a1Un magn\u00edfico caf\u00e9 te est\u00e1 esperando en este bar!<\/h2>\t\t\t\t<\/div>\n\t\t\t\t<div class=\"elementor-element elementor-element-4152c4d elementor-widget elementor-widget-button\" data-id=\"4152c4d\" data-element_type=\"widget\" data-e-type=\"widget\" data-widget_type=\"button.default\">\n\t\t\t\t\t\t\t\t\t\t<a class=\"elementor-button elementor-button-link elementor-size-sm elementor-animation-float\" href=\"\/servicios\">\n\t\t\t\t\t\t<span class=\"elementor-button-content-wrapper\">\n\t\t\t\t\t\t\t\t\t<span class=\"elementor-button-text\">Servicios<\/span>\n\t\t\t\t\t<\/span>\n\t\t\t\t\t<\/a>\n\t\t\t\t\t\t\t\t<\/div>\n\t\t\t\t\t<\/div>\n\t\t\t\t<\/div>\n\t\t\t\t<section class=\"elementor-section elementor-top-section elementor-element elementor-element-063e898 elementor-section-boxed elementor-section-height-default elementor-section-height-default\" data-id=\"063e898\" data-element_type=\"section\" data-e-type=\"section\">\n\t\t\t\t\t\t<div class=\"elementor-container elementor-column-gap-default\">\n\t\t\t\t\t<div class=\"elementor-column elementor-col-50 elementor-top-column elementor-element elementor-element-e2eac5a\" data-id=\"e2eac5a\" data-element_type=\"column\" data-e-type=\"column\">\n\t\t\t<div class=\"elementor-widget-wrap elementor-element-populated\">\n\t\t\t\t\t\t<div class=\"elementor-element elementor-element-ccbf0e5 elementor-widget elementor-widget-spacer\" data-id=\"ccbf0e5\" data-element_type=\"widget\" data-e-type=\"widget\" data-widget_type=\"spacer.default\">\n\t\t\t\t\t\t\t<div class=\"elementor-spacer\">\n\t\t\t<div class=\"elementor-spacer-inner\"><\/div>\n\t\t<\/div>\n\t\t\t\t\t\t<\/div>\n\t\t\t\t<div class=\"elementor-element elementor-element-dcfbc9e elementor-invisible elementor-widget elementor-widget-heading\" data-id=\"dcfbc9e\" data-element_type=\"widget\" data-e-type=\"widget\" data-settings=\"{&quot;_animation&quot;:&quot;fadeIn&quot;,&quot;_animation_delay&quot;:50}\" data-widget_type=\"heading.default\">\n\t\t\t\t\t<h2 class=\"elementor-heading-title elementor-size-default\">Nuestra comida<\/h2>\t\t\t\t<\/div>\n\t\t\t\t<div class=\"elementor-element elementor-element-d709bb8 elementor-invisible elementor-widget elementor-widget-heading\" data-id=\"d709bb8\" data-element_type=\"widget\" data-e-type=\"widget\" data-settings=\"{&quot;_animation&quot;:&quot;fadeIn&quot;,&quot;_animation_delay&quot;:100}\" data-widget_type=\"heading.default\">\n\t\t\t\t\t<h2 class=\"elementor-heading-title elementor-size-default\">\u00a1Descansar y comer aqu\u00ed es siempre un placer!<\/h2>\t\t\t\t<\/div>\n\t\t\t\t<div class=\"elementor-element elementor-element-12c2883 elementor-widget elementor-widget-button\" data-id=\"12c2883\" data-element_type=\"widget\" data-e-type=\"widget\" data-widget_type=\"button.default\">\n\t\t\t\t\t\t\t\t\t\t<a class=\"elementor-button elementor-button-link elementor-size-sm elementor-animation-float\" href=\"\/servicios\">\n\t\t\t\t\t\t<span class=\"elementor-button-content-wrapper\">\n\t\t\t\t\t\t\t\t\t<span class=\"elementor-button-text\">Servicios<\/span>\n\t\t\t\t\t<\/span>\n\t\t\t\t\t<\/a>\n\t\t\t\t\t\t\t\t<\/div>\n\t\t\t\t\t<\/div>\n\t\t<\/div>\n\t\t\t\t<div class=\"elementor-column elementor-col-50 elementor-top-column elementor-element elementor-element-89f41c9\" data-id=\"89f41c9\" data-element_type=\"column\" data-e-type=\"column\">\n\t\t\t<div class=\"elementor-widget-wrap elementor-element-populated\">\n\t\t\t\t\t\t<div class=\"elementor-element elementor-element-928aac1 elementor-flip-box--effect-fade elementor-widget elementor-widget-flip-box\" data-id=\"928aac1\" data-element_type=\"widget\" data-e-type=\"widget\" data-widget_type=\"flip-box.default\">\n\t\t\t\t\t\t\t<div class=\"elementor-flip-box\" tabindex=\"0\">\n\t\t\t<div class=\"elementor-flip-box__layer elementor-flip-box__front\">\n\t\t\t\t<div class=\"elementor-flip-box__layer__overlay\">\n\t\t\t\t\t<div class=\"elementor-flip-box__layer__inner\">\n\t\t\t\t\t\t\n\t\t\t\t\t\t\n\t\t\t\t\t\t\t\t\t\t\t<\/div>\n\t\t\t\t<\/div>\n\t\t\t<\/div>\n\t\t\t<div class=\"elementor-flip-box__layer elementor-flip-box__back\">\n\t\t\t<div class=\"elementor-flip-box__layer__overlay\">\n\t\t\t\t<div class=\"elementor-flip-box__layer__inner\">\n\t\t\t\t\t\n\t\t\t\t\t\n\t\t\t\t\t\t\t\t<\/div>\n\t\t<\/div>\n\t\t<\/div>\n\t\t<\/div>\n\t\t\t\t\t\t<\/div>\n\t\t\t\t\t<\/div>\n\t\t<\/div>\n\t\t\t\t\t<\/div>\n\t\t<\/section>\n\t\t\t\t<\/div>\n\t\t","protected":false},"excerpt":{"rendered":"<p>Panader\u00eda, almac\u00e9n y cafeter\u00eda Servicios bienvenidos \u00a1Ahora rel\u00e1jate y degusta un buen desayuno! \u00a1Un magn\u00edfico caf\u00e9 te est\u00e1 esperando en este bar! Servicios Nuestra comida \u00a1Descansar y comer aqu\u00ed es siempre un placer! Servicios<\/p>","protected":false},"author":1,"featured_media":0,"parent":0,"menu_order":0,"comment_status":"closed","ping_status":"closed","template":"elementor_canvas","meta":{"footnotes":""},"class_list":["post-2","page","type-page","status-publish","hentry"],"yoast_head":"<!-- This site is optimized with the Yoast SEO plugin v27.3 - https:\/\/yoast.com\/product\/yoast-seo-wordpress\/ -->\n<title>Inicio - Cafeter\u00eda Panader\u00eda Horno San Lorenzo<\/title>\n<meta name=\"robots\" content=\"index, follow, max-snippet:-1, max-image-preview:large, max-video-preview:-1\" \/>\n<link rel=\"canonical\" href=\"https:\/\/cafeteriasanlorenzo.com\/en\/\" \/>\n<meta property=\"og:locale\" content=\"en_GB\" \/>\n<meta property=\"og:type\" content=\"article\" \/>\n<meta property=\"og:title\" content=\"Inicio - Cafeter\u00eda Panader\u00eda Horno San Lorenzo\" \/>\n<meta property=\"og:description\" content=\"Panader\u00eda, almac\u00e9n y cafeter\u00eda Servicios bienvenidos \u00a1Ahora rel\u00e1jate y degusta un buen desayuno! \u00a1Un magn\u00edfico caf\u00e9 te est\u00e1 esperando en este bar! Servicios Nuestra comida \u00a1Descansar y comer aqu\u00ed es siempre un placer! Servicios\" \/>\n<meta property=\"og:url\" content=\"https:\/\/cafeteriasanlorenzo.com\/en\/\" \/>\n<meta property=\"og:site_name\" content=\"Cafeter\u00eda Panader\u00eda Horno San Lorenzo\" \/>\n<meta property=\"article:modified_time\" content=\"2026-02-25T15:41:27+00:00\" \/>\n<meta property=\"og:image\" content=\"https:\/\/cafeteriasanlorenzo.com\/wp-content\/uploads\/2025\/10\/2023-02-10-2.jpg\" \/>\n<meta name=\"twitter:card\" content=\"summary_large_image\" \/>\n<meta name=\"twitter:label1\" content=\"Estimated reading time\" \/>\n\t<meta name=\"twitter:data1\" content=\"1 minute\" \/>\n<script type=\"application\/ld+json\" class=\"yoast-schema-graph\">{\"@context\":\"https:\\\/\\\/schema.org\",\"@graph\":[{\"@type\":\"WebPage\",\"@id\":\"https:\\\/\\\/cafeteriasanlorenzo.com\\\/\",\"url\":\"https:\\\/\\\/cafeteriasanlorenzo.com\\\/\",\"name\":\"Inicio - Cafeter\u00eda Panader\u00eda Horno San Lorenzo\",\"isPartOf\":{\"@id\":\"https:\\\/\\\/cafeteriasanlorenzo.com\\\/#website\"},\"primaryImageOfPage\":{\"@id\":\"https:\\\/\\\/cafeteriasanlorenzo.com\\\/#primaryimage\"},\"image\":{\"@id\":\"https:\\\/\\\/cafeteriasanlorenzo.com\\\/#primaryimage\"},\"thumbnailUrl\":\"https:\\\/\\\/cafeteriasanlorenzo.com\\\/wp-content\\\/uploads\\\/2025\\\/10\\\/2023-02-10-2.jpg\",\"datePublished\":\"2025-10-17T14:30:36+00:00\",\"dateModified\":\"2026-02-25T15:41:27+00:00\",\"breadcrumb\":{\"@id\":\"https:\\\/\\\/cafeteriasanlorenzo.com\\\/#breadcrumb\"},\"inLanguage\":\"en-GB\",\"potentialAction\":[{\"@type\":\"ReadAction\",\"target\":[\"https:\\\/\\\/cafeteriasanlorenzo.com\\\/\"]}]},{\"@type\":\"ImageObject\",\"inLanguage\":\"en-GB\",\"@id\":\"https:\\\/\\\/cafeteriasanlorenzo.com\\\/#primaryimage\",\"url\":\"https:\\\/\\\/cafeteriasanlorenzo.com\\\/wp-content\\\/uploads\\\/2025\\\/10\\\/2023-02-10-2.jpg\",\"contentUrl\":\"https:\\\/\\\/cafeteriasanlorenzo.com\\\/wp-content\\\/uploads\\\/2025\\\/10\\\/2023-02-10-2.jpg\"},{\"@type\":\"BreadcrumbList\",\"@id\":\"https:\\\/\\\/cafeteriasanlorenzo.com\\\/#breadcrumb\",\"itemListElement\":[{\"@type\":\"ListItem\",\"position\":1,\"name\":\"Portada\",\"item\":\"https:\\\/\\\/cafeteriasanlorenzo.com\\\/\"},{\"@type\":\"ListItem\",\"position\":2,\"name\":\"Inicio\"}]},{\"@type\":\"WebSite\",\"@id\":\"https:\\\/\\\/cafeteriasanlorenzo.com\\\/#website\",\"url\":\"https:\\\/\\\/cafeteriasanlorenzo.com\\\/\",\"name\":\"Cafeter\u00eda Panader\u00eda Horno San Lorenzo\",\"description\":\"Cafeter\u00eda Panader\u00eda Horno San Lorenzo\",\"publisher\":{\"@id\":\"https:\\\/\\\/cafeteriasanlorenzo.com\\\/#organization\"},\"potentialAction\":[{\"@type\":\"SearchAction\",\"target\":{\"@type\":\"EntryPoint\",\"urlTemplate\":\"https:\\\/\\\/cafeteriasanlorenzo.com\\\/?s={search_term_string}\"},\"query-input\":{\"@type\":\"PropertyValueSpecification\",\"valueRequired\":true,\"valueName\":\"search_term_string\"}}],\"inLanguage\":\"en-GB\"},{\"@type\":\"Organization\",\"@id\":\"https:\\\/\\\/cafeteriasanlorenzo.com\\\/#organization\",\"name\":\"Cafeter\u00eda Panader\u00eda Horno San Lorenzo\",\"url\":\"https:\\\/\\\/cafeteriasanlorenzo.com\\\/\",\"logo\":{\"@type\":\"ImageObject\",\"inLanguage\":\"en-GB\",\"@id\":\"https:\\\/\\\/cafeteriasanlorenzo.com\\\/#\\\/schema\\\/logo\\\/image\\\/\",\"url\":\"https:\\\/\\\/cafeteriasanlorenzo.com\\\/wp-content\\\/uploads\\\/2025\\\/10\\\/logo.png\",\"contentUrl\":\"https:\\\/\\\/cafeteriasanlorenzo.com\\\/wp-content\\\/uploads\\\/2025\\\/10\\\/logo.png\",\"width\":1536,\"height\":1024,\"caption\":\"Cafeter\u00eda Panader\u00eda Horno San Lorenzo\"},\"image\":{\"@id\":\"https:\\\/\\\/cafeteriasanlorenzo.com\\\/#\\\/schema\\\/logo\\\/image\\\/\"}}]}<\/script>\n<!-- \/ Yoast SEO plugin. -->","yoast_head_json":{"title":"Inicio - Cafeter\u00eda Panader\u00eda Horno San Lorenzo","robots":{"index":"index","follow":"follow","max-snippet":"max-snippet:-1","max-image-preview":"max-image-preview:large","max-video-preview":"max-video-preview:-1"},"canonical":"https:\/\/cafeteriasanlorenzo.com\/en\/","og_locale":"en_GB","og_type":"article","og_title":"Inicio - Cafeter\u00eda Panader\u00eda Horno San Lorenzo","og_description":"Panader\u00eda, almac\u00e9n y cafeter\u00eda Servicios bienvenidos \u00a1Ahora rel\u00e1jate y degusta un buen desayuno! \u00a1Un magn\u00edfico caf\u00e9 te est\u00e1 esperando en este bar! Servicios Nuestra comida \u00a1Descansar y comer aqu\u00ed es siempre un placer! Servicios","og_url":"https:\/\/cafeteriasanlorenzo.com\/en\/","og_site_name":"Cafeter\u00eda Panader\u00eda Horno San Lorenzo","article_modified_time":"2026-02-25T15:41:27+00:00","og_image":[{"url":"https:\/\/cafeteriasanlorenzo.com\/wp-content\/uploads\/2025\/10\/2023-02-10-2.jpg","type":"","width":"","height":""}],"twitter_card":"summary_large_image","twitter_misc":{"Estimated reading time":"1 minute"},"schema":{"@context":"https:\/\/schema.org","@graph":[{"@type":"WebPage","@id":"https:\/\/cafeteriasanlorenzo.com\/","url":"https:\/\/cafeteriasanlorenzo.com\/","name":"Inicio - Cafeter\u00eda Panader\u00eda Horno San Lorenzo","isPartOf":{"@id":"https:\/\/cafeteriasanlorenzo.com\/#website"},"primaryImageOfPage":{"@id":"https:\/\/cafeteriasanlorenzo.com\/#primaryimage"},"image":{"@id":"https:\/\/cafeteriasanlorenzo.com\/#primaryimage"},"thumbnailUrl":"https:\/\/cafeteriasanlorenzo.com\/wp-content\/uploads\/2025\/10\/2023-02-10-2.jpg","datePublished":"2025-10-17T14:30:36+00:00","dateModified":"2026-02-25T15:41:27+00:00","breadcrumb":{"@id":"https:\/\/cafeteriasanlorenzo.com\/#breadcrumb"},"inLanguage":"en-GB","potentialAction":[{"@type":"ReadAction","target":["https:\/\/cafeteriasanlorenzo.com\/"]}]},{"@type":"ImageObject","inLanguage":"en-GB","@id":"https:\/\/cafeteriasanlorenzo.com\/#primaryimage","url":"https:\/\/cafeteriasanlorenzo.com\/wp-content\/uploads\/2025\/10\/2023-02-10-2.jpg","contentUrl":"https:\/\/cafeteriasanlorenzo.com\/wp-content\/uploads\/2025\/10\/2023-02-10-2.jpg"},{"@type":"BreadcrumbList","@id":"https:\/\/cafeteriasanlorenzo.com\/#breadcrumb","itemListElement":[{"@type":"ListItem","position":1,"name":"Portada","item":"https:\/\/cafeteriasanlorenzo.com\/"},{"@type":"ListItem","position":2,"name":"Inicio"}]},{"@type":"WebSite","@id":"https:\/\/cafeteriasanlorenzo.com\/#website","url":"https:\/\/cafeteriasanlorenzo.com\/","name":"Cafeter\u00eda Panader\u00eda Horno San Lorenzo","description":"Cafeter\u00eda Panader\u00eda Horno San Lorenzo","publisher":{"@id":"https:\/\/cafeteriasanlorenzo.com\/#organization"},"potentialAction":[{"@type":"SearchAction","target":{"@type":"EntryPoint","urlTemplate":"https:\/\/cafeteriasanlorenzo.com\/?s={search_term_string}"},"query-input":{"@type":"PropertyValueSpecification","valueRequired":true,"valueName":"search_term_string"}}],"inLanguage":"en-GB"},{"@type":"Organization","@id":"https:\/\/cafeteriasanlorenzo.com\/#organization","name":"Cafeter\u00eda Panader\u00eda Horno San Lorenzo","url":"https:\/\/cafeteriasanlorenzo.com\/","logo":{"@type":"ImageObject","inLanguage":"en-GB","@id":"https:\/\/cafeteriasanlorenzo.com\/#\/schema\/logo\/image\/","url":"https:\/\/cafeteriasanlorenzo.com\/wp-content\/uploads\/2025\/10\/logo.png","contentUrl":"https:\/\/cafeteriasanlorenzo.com\/wp-content\/uploads\/2025\/10\/logo.png","width":1536,"height":1024,"caption":"Cafeter\u00eda Panader\u00eda Horno San Lorenzo"},"image":{"@id":"https:\/\/cafeteriasanlorenzo.com\/#\/schema\/logo\/image\/"}}]}},"_links":{"self":[{"href":"https:\/\/cafeteriasanlorenzo.com\/en\/wp-json\/wp\/v2\/pages\/2","targetHints":{"allow":["GET"]}}],"collection":[{"href":"https:\/\/cafeteriasanlorenzo.com\/en\/wp-json\/wp\/v2\/pages"}],"about":[{"href":"https:\/\/cafeteriasanlorenzo.com\/en\/wp-json\/wp\/v2\/types\/page"}],"author":[{"embeddable":true,"href":"https:\/\/cafeteriasanlorenzo.com\/en\/wp-json\/wp\/v2\/users\/1"}],"replies":[{"embeddable":true,"href":"https:\/\/cafeteriasanlorenzo.com\/en\/wp-json\/wp\/v2\/comments?post=2"}],"version-history":[{"count":91,"href":"https:\/\/cafeteriasanlorenzo.com\/en\/wp-json\/wp\/v2\/pages\/2\/revisions"}],"predecessor-version":[{"id":563,"href":"https:\/\/cafeteriasanlorenzo.com\/en\/wp-json\/wp\/v2\/pages\/2\/revisions\/563"}],"wp:attachment":[{"href":"https:\/\/cafeteriasanlorenzo.com\/en\/wp-json\/wp\/v2\/media?parent=2"}],"curies":[{"name":"wp","href":"https:\/\/api.w.org\/{rel}","templated":true}]}}